{"id":11059,"date":"2025-01-20T21:25:21","date_gmt":"2025-01-20T21:25:21","guid":{"rendered":"https:\/\/ruby.sn\/?post_type=product&#038;p=11059"},"modified":"2025-12-08T00:38:50","modified_gmt":"2025-12-08T00:38:50","slug":"cauri-classic-diametre-32mm","status":"publish","type":"product","link":"https:\/\/ruby.sn\/index.php\/produit\/cauri-classic-diametre-32mm\/","title":{"rendered":"CAURI CLASSIC (Diam\u00e8tre 32mm)"},"content":{"rendered":"<h3>Signification:<\/h3>\n<p>Un cauri est un petit coquillage tr\u00e8s utilis\u00e9 dans de nombreuses cultures comme monnaie ou objet de d\u00e9coration. Il a une forme arrondie et brillante et est souvent perc\u00e9 pour \u00eatre enfil\u00e9.<br \/>\nEn bref : C&rsquo;est un coquillage qui a servi d&rsquo;argent et qui est joli.<\/p>\n<h3>Caract\u00e9ristiques :<\/h3>\n<table class=\"t1\" cellspacing=\"0\" cellpadding=\"0\">\n<tbody>\n<tr>\n<td class=\"td1\" valign=\"top\">\n<p class=\"p1\"><span class=\"s1\">Mat\u00e9riau du bo\u00eetier<\/span><\/p>\n<\/td>\n<td class=\"td1\" valign=\"top\">\n<p class=\"p1\"><span class=\"s1\">acier inoxydable 316L<\/span><\/p>\n<\/td>\n<\/tr>\n<tr>\n<td class=\"td1\" valign=\"top\">\n<p class=\"p1\"><span class=\"s1\">Diam\u00e8tre du bo\u00eetier<\/span><\/p>\n<\/td>\n<td class=\"td1\" valign=\"top\">\n<p class=\"p1\"><span class=\"s1\">32mm<\/span><\/p>\n<\/td>\n<\/tr>\n<tr>\n<td class=\"td1\" valign=\"top\">\n<p class=\"p1\"><span class=\"s1\">\u00c9paisseur<\/span><\/p>\n<\/td>\n<td class=\"td1\" valign=\"top\">\n<p class=\"p1\"><span class=\"s1\">7mm<\/span><\/p>\n<\/td>\n<\/tr>\n<tr>\n<td class=\"td1\" valign=\"top\">\n<p class=\"p1\"><span class=\"s1\">\u00c9tanch\u00e9it\u00e9<\/span><\/p>\n<\/td>\n<td class=\"td1\" valign=\"top\">\n<p class=\"p1\"><span class=\"s1\">3ATM<\/span><\/p>\n<\/td>\n<\/tr>\n<tr>\n<td class=\"td1\" valign=\"top\">\n<p class=\"p1\"><span class=\"s1\">Verre<\/span><\/p>\n<\/td>\n<td class=\"td1\" valign=\"top\">\n<p class=\"p1\"><span class=\"s1\">Verre min\u00e9ral<\/span><\/p>\n<\/td>\n<\/tr>\n<tr>\n<td class=\"td1\" valign=\"top\">\n<p class=\"p1\"><span class=\"s1\">Mouvement<\/span><\/p>\n<\/td>\n<td class=\"td1\" valign=\"top\">\n<p class=\"p1\"><span class=\"s1\">Japon Miyota2035 Movt<\/span><\/p>\n<\/td>\n<\/tr>\n<tr>\n<td class=\"td1\" valign=\"top\">\n<p class=\"p1\"><span class=\"s1\">Bracelet<\/span><\/p>\n<\/td>\n<td class=\"td1\" valign=\"top\">\n<p class=\"p1\"><span class=\"s1\">Bracelet en maille d&rsquo;or jaune<\/span><\/p>\n<\/td>\n<\/tr>\n<\/tbody>\n<\/table>\n","protected":false},"excerpt":{"rendered":"<p>Signification: Un cauri est un petit coquillage tr\u00e8s utilis\u00e9 dans de nombreuses cultures comme monnaie ou objet de d\u00e9coration. Il<\/p>\n","protected":false},"featured_media":12871,"comment_status":"open","ping_status":"closed","template":"","meta":{"om_disable_all_campaigns":false,"_uf_show_specific_survey":0,"_uf_disable_surveys":false},"product_cat":[91,36,37,84],"product_tag":[],"class_list":{"0":"post-11059","1":"product","2":"type-product","3":"status-publish","4":"has-post-thumbnail","6":"product_cat-kori","7":"product_cat-montrs_femmes","8":"product_cat-new","9":"product_cat-boutique","11":"first","12":"instock","13":"shipping-taxable","14":"purchasable","15":"product-type-simple"},"aioseo_notices":[],"yoast_head":"<!-- This site is optimized with the Yoast SEO plugin v23.9 - https:\/\/yoast.com\/wordpress\/plugins\/seo\/ -->\n<title>CAURI CLASSIC (Diam\u00e8tre 32mm) - RUBY<\/title>\n<meta name=\"robots\" content=\"index, follow, max-snippet:-1, max-image-preview:large, max-video-preview:-1\" \/>\n<link rel=\"canonical\" href=\"https:\/\/ruby.sn\/index.php\/produit\/cauri-classic-diametre-32mm\/\" \/>\n<meta property=\"og:locale\" content=\"fr_FR\" \/>\n<meta property=\"og:type\" content=\"article\" \/>\n<meta property=\"og:title\" content=\"CAURI CLASSIC (Diam\u00e8tre 32mm) - RUBY\" \/>\n<meta property=\"og:description\" content=\"Signification: Un cauri est un petit coquillage tr\u00e8s utilis\u00e9 dans de nombreuses cultures comme monnaie ou objet de d\u00e9coration. Il\" \/>\n<meta property=\"og:url\" content=\"https:\/\/ruby.sn\/index.php\/produit\/cauri-classic-diametre-32mm\/\" \/>\n<meta property=\"og:site_name\" content=\"RUBY\" \/>\n<meta property=\"article:modified_time\" content=\"2025-12-08T00:38:50+00:00\" \/>\n<meta property=\"og:image\" content=\"https:\/\/ruby.sn\/wp-content\/uploads\/2025\/01\/IMG_1661.jpg\" \/>\n\t<meta property=\"og:image:width\" content=\"2048\" \/>\n\t<meta property=\"og:image:height\" content=\"2048\" \/>\n\t<meta property=\"og:image:type\" content=\"image\/jpeg\" \/>\n<meta name=\"twitter:card\" content=\"summary_large_image\" \/>\n<meta name=\"twitter:label1\" content=\"Dur\u00e9e de lecture estim\u00e9e\" \/>\n\t<meta name=\"twitter:data1\" content=\"1 minute\" \/>\n<script type=\"application\/ld+json\" class=\"yoast-schema-graph\">{\"@context\":\"https:\/\/schema.org\",\"@graph\":[{\"@type\":\"WebPage\",\"@id\":\"https:\/\/ruby.sn\/index.php\/produit\/cauri-classic-diametre-32mm\/\",\"url\":\"https:\/\/ruby.sn\/index.php\/produit\/cauri-classic-diametre-32mm\/\",\"name\":\"CAURI CLASSIC (Diam\u00e8tre 32mm) - RUBY\",\"isPartOf\":{\"@id\":\"https:\/\/ruby.sn\/#website\"},\"primaryImageOfPage\":{\"@id\":\"https:\/\/ruby.sn\/index.php\/produit\/cauri-classic-diametre-32mm\/#primaryimage\"},\"image\":{\"@id\":\"https:\/\/ruby.sn\/index.php\/produit\/cauri-classic-diametre-32mm\/#primaryimage\"},\"thumbnailUrl\":\"https:\/\/ruby.sn\/wp-content\/uploads\/2025\/01\/IMG_1661.jpg\",\"datePublished\":\"2025-01-20T21:25:21+00:00\",\"dateModified\":\"2025-12-08T00:38:50+00:00\",\"breadcrumb\":{\"@id\":\"https:\/\/ruby.sn\/index.php\/produit\/cauri-classic-diametre-32mm\/#breadcrumb\"},\"inLanguage\":\"fr-FR\",\"potentialAction\":[{\"@type\":\"ReadAction\",\"target\":[\"https:\/\/ruby.sn\/index.php\/produit\/cauri-classic-diametre-32mm\/\"]}]},{\"@type\":\"ImageObject\",\"inLanguage\":\"fr-FR\",\"@id\":\"https:\/\/ruby.sn\/index.php\/produit\/cauri-classic-diametre-32mm\/#primaryimage\",\"url\":\"https:\/\/ruby.sn\/wp-content\/uploads\/2025\/01\/IMG_1661.jpg\",\"contentUrl\":\"https:\/\/ruby.sn\/wp-content\/uploads\/2025\/01\/IMG_1661.jpg\",\"width\":2048,\"height\":2048},{\"@type\":\"BreadcrumbList\",\"@id\":\"https:\/\/ruby.sn\/index.php\/produit\/cauri-classic-diametre-32mm\/#breadcrumb\",\"itemListElement\":[{\"@type\":\"ListItem\",\"position\":1,\"name\":\"Accueil\",\"item\":\"https:\/\/ruby.sn\/\"},{\"@type\":\"ListItem\",\"position\":2,\"name\":\"Boutique\",\"item\":\"https:\/\/ruby.sn\/index.php\/boutique\/\"},{\"@type\":\"ListItem\",\"position\":3,\"name\":\"CAURI CLASSIC (Diam\u00e8tre 32mm)\"}]},{\"@type\":\"WebSite\",\"@id\":\"https:\/\/ruby.sn\/#website\",\"url\":\"https:\/\/ruby.sn\/\",\"name\":\"RUBY\",\"description\":\"l&#039;Horlogerie S\u00e9n\u00e9galaise\",\"publisher\":{\"@id\":\"https:\/\/ruby.sn\/#organization\"},\"potentialAction\":[{\"@type\":\"SearchAction\",\"target\":{\"@type\":\"EntryPoint\",\"urlTemplate\":\"https:\/\/ruby.sn\/?s={search_term_string}\"},\"query-input\":{\"@type\":\"PropertyValueSpecification\",\"valueRequired\":true,\"valueName\":\"search_term_string\"}}],\"inLanguage\":\"fr-FR\"},{\"@type\":\"Organization\",\"@id\":\"https:\/\/ruby.sn\/#organization\",\"name\":\"RUBY\",\"url\":\"https:\/\/ruby.sn\/\",\"logo\":{\"@type\":\"ImageObject\",\"inLanguage\":\"fr-FR\",\"@id\":\"https:\/\/ruby.sn\/#\/schema\/logo\/image\/\",\"url\":\"https:\/\/ruby.sn\/wp-content\/uploads\/2024\/11\/WhatsApp-Image-2024-11-17-a-22.44.34_3ca63fb9.jpg\",\"contentUrl\":\"https:\/\/ruby.sn\/wp-content\/uploads\/2024\/11\/WhatsApp-Image-2024-11-17-a-22.44.34_3ca63fb9.jpg\",\"width\":2560,\"height\":2560,\"caption\":\"RUBY\"},\"image\":{\"@id\":\"https:\/\/ruby.sn\/#\/schema\/logo\/image\/\"},\"sameAs\":[\"https:\/\/www.instagram.com\/rubywatches\/\"]}]}<\/script>\n<!-- \/ Yoast SEO plugin. -->","yoast_head_json":{"title":"CAURI CLASSIC (Diam\u00e8tre 32mm) - RUBY","robots":{"index":"index","follow":"follow","max-snippet":"max-snippet:-1","max-image-preview":"max-image-preview:large","max-video-preview":"max-video-preview:-1"},"canonical":"https:\/\/ruby.sn\/index.php\/produit\/cauri-classic-diametre-32mm\/","og_locale":"fr_FR","og_type":"article","og_title":"CAURI CLASSIC (Diam\u00e8tre 32mm) - RUBY","og_description":"Signification: Un cauri est un petit coquillage tr\u00e8s utilis\u00e9 dans de nombreuses cultures comme monnaie ou objet de d\u00e9coration. Il","og_url":"https:\/\/ruby.sn\/index.php\/produit\/cauri-classic-diametre-32mm\/","og_site_name":"RUBY","article_modified_time":"2025-12-08T00:38:50+00:00","og_image":[{"width":2048,"height":2048,"url":"https:\/\/ruby.sn\/wp-content\/uploads\/2025\/01\/IMG_1661.jpg","type":"image\/jpeg"}],"twitter_card":"summary_large_image","twitter_misc":{"Dur\u00e9e de lecture estim\u00e9e":"1 minute"},"schema":{"@context":"https:\/\/schema.org","@graph":[{"@type":"WebPage","@id":"https:\/\/ruby.sn\/index.php\/produit\/cauri-classic-diametre-32mm\/","url":"https:\/\/ruby.sn\/index.php\/produit\/cauri-classic-diametre-32mm\/","name":"CAURI CLASSIC (Diam\u00e8tre 32mm) - RUBY","isPartOf":{"@id":"https:\/\/ruby.sn\/#website"},"primaryImageOfPage":{"@id":"https:\/\/ruby.sn\/index.php\/produit\/cauri-classic-diametre-32mm\/#primaryimage"},"image":{"@id":"https:\/\/ruby.sn\/index.php\/produit\/cauri-classic-diametre-32mm\/#primaryimage"},"thumbnailUrl":"https:\/\/ruby.sn\/wp-content\/uploads\/2025\/01\/IMG_1661.jpg","datePublished":"2025-01-20T21:25:21+00:00","dateModified":"2025-12-08T00:38:50+00:00","breadcrumb":{"@id":"https:\/\/ruby.sn\/index.php\/produit\/cauri-classic-diametre-32mm\/#breadcrumb"},"inLanguage":"fr-FR","potentialAction":[{"@type":"ReadAction","target":["https:\/\/ruby.sn\/index.php\/produit\/cauri-classic-diametre-32mm\/"]}]},{"@type":"ImageObject","inLanguage":"fr-FR","@id":"https:\/\/ruby.sn\/index.php\/produit\/cauri-classic-diametre-32mm\/#primaryimage","url":"https:\/\/ruby.sn\/wp-content\/uploads\/2025\/01\/IMG_1661.jpg","contentUrl":"https:\/\/ruby.sn\/wp-content\/uploads\/2025\/01\/IMG_1661.jpg","width":2048,"height":2048},{"@type":"BreadcrumbList","@id":"https:\/\/ruby.sn\/index.php\/produit\/cauri-classic-diametre-32mm\/#breadcrumb","itemListElement":[{"@type":"ListItem","position":1,"name":"Accueil","item":"https:\/\/ruby.sn\/"},{"@type":"ListItem","position":2,"name":"Boutique","item":"https:\/\/ruby.sn\/index.php\/boutique\/"},{"@type":"ListItem","position":3,"name":"CAURI CLASSIC (Diam\u00e8tre 32mm)"}]},{"@type":"WebSite","@id":"https:\/\/ruby.sn\/#website","url":"https:\/\/ruby.sn\/","name":"RUBY","description":"l&#039;Horlogerie S\u00e9n\u00e9galaise","publisher":{"@id":"https:\/\/ruby.sn\/#organization"},"potentialAction":[{"@type":"SearchAction","target":{"@type":"EntryPoint","urlTemplate":"https:\/\/ruby.sn\/?s={search_term_string}"},"query-input":{"@type":"PropertyValueSpecification","valueRequired":true,"valueName":"search_term_string"}}],"inLanguage":"fr-FR"},{"@type":"Organization","@id":"https:\/\/ruby.sn\/#organization","name":"RUBY","url":"https:\/\/ruby.sn\/","logo":{"@type":"ImageObject","inLanguage":"fr-FR","@id":"https:\/\/ruby.sn\/#\/schema\/logo\/image\/","url":"https:\/\/ruby.sn\/wp-content\/uploads\/2024\/11\/WhatsApp-Image-2024-11-17-a-22.44.34_3ca63fb9.jpg","contentUrl":"https:\/\/ruby.sn\/wp-content\/uploads\/2024\/11\/WhatsApp-Image-2024-11-17-a-22.44.34_3ca63fb9.jpg","width":2560,"height":2560,"caption":"RUBY"},"image":{"@id":"https:\/\/ruby.sn\/#\/schema\/logo\/image\/"},"sameAs":["https:\/\/www.instagram.com\/rubywatches\/"]}]}},"jetpack_sharing_enabled":true,"_links":{"self":[{"href":"https:\/\/ruby.sn\/index.php\/wp-json\/wp\/v2\/product\/11059","targetHints":{"allow":["GET"]}}],"collection":[{"href":"https:\/\/ruby.sn\/index.php\/wp-json\/wp\/v2\/product"}],"about":[{"href":"https:\/\/ruby.sn\/index.php\/wp-json\/wp\/v2\/types\/product"}],"replies":[{"embeddable":true,"href":"https:\/\/ruby.sn\/index.php\/wp-json\/wp\/v2\/comments?post=11059"}],"version-history":[{"count":1,"href":"https:\/\/ruby.sn\/index.php\/wp-json\/wp\/v2\/product\/11059\/revisions"}],"predecessor-version":[{"id":11060,"href":"https:\/\/ruby.sn\/index.php\/wp-json\/wp\/v2\/product\/11059\/revisions\/11060"}],"wp:featuredmedia":[{"embeddable":true,"href":"https:\/\/ruby.sn\/index.php\/wp-json\/wp\/v2\/media\/12871"}],"wp:attachment":[{"href":"https:\/\/ruby.sn\/index.php\/wp-json\/wp\/v2\/media?parent=11059"}],"wp:term":[{"taxonomy":"product_cat","embeddable":true,"href":"https:\/\/ruby.sn\/index.php\/wp-json\/wp\/v2\/product_cat?post=11059"},{"taxonomy":"product_tag","embeddable":true,"href":"https:\/\/ruby.sn\/index.php\/wp-json\/wp\/v2\/product_tag?post=11059"}],"curies":[{"name":"wp","href":"https:\/\/api.w.org\/{rel}","templated":true}]}}