{"id":13586,"date":"2026-03-28T16:00:19","date_gmt":"2026-03-28T16:00:19","guid":{"rendered":"https:\/\/ruby.sn\/?post_type=product&#038;p=13586"},"modified":"2026-03-28T16:04:48","modified_gmt":"2026-03-28T16:04:48","slug":"rb7","status":"publish","type":"product","link":"https:\/\/ruby.sn\/index.php\/produit\/rb7\/","title":{"rendered":"RB7 (Ajustable)"},"content":{"rendered":"<p>Bracelet en cuir tress\u00e9 \u00e0 fermoir magn\u00e9tique pour hommes, bijou Vintage et Durable, haute qualit\u00e9<\/p>\n<p>Cuir microfibre<\/p>\n<p>Et inoxydable<\/p>\n<p>Acier<\/p>\n<p>Longueur Ajustable \u00a019+1,5cm<\/p>\n","protected":false},"excerpt":{"rendered":"<p>Bracelet en cuir tress\u00e9 \u00e0 fermoir magn\u00e9tique pour hommes, bijou Vintage et Durable, haute qualit\u00e9 Cuir microfibre Et inoxydable Acier<\/p>\n","protected":false},"featured_media":13587,"comment_status":"open","ping_status":"closed","template":"","meta":{"om_disable_all_campaigns":false,"_uf_show_specific_survey":0,"_uf_disable_surveys":false},"product_cat":[24],"product_tag":[],"class_list":{"0":"post-13586","1":"product","2":"type-product","3":"status-publish","4":"has-post-thumbnail","6":"product_cat-accessoires_hommes","7":"wcpa_has_options","9":"first","10":"instock","11":"shipping-taxable","12":"purchasable","13":"product-type-simple"},"aioseo_notices":[],"yoast_head":"<!-- This site is optimized with the Yoast SEO plugin v23.9 - https:\/\/yoast.com\/wordpress\/plugins\/seo\/ -->\n<title>RB7 (Ajustable) - RUBY<\/title>\n<meta name=\"robots\" content=\"index, follow, max-snippet:-1, max-image-preview:large, max-video-preview:-1\" \/>\n<link rel=\"canonical\" href=\"https:\/\/ruby.sn\/index.php\/produit\/rb7\/\" \/>\n<meta property=\"og:locale\" content=\"fr_FR\" \/>\n<meta property=\"og:type\" content=\"article\" \/>\n<meta property=\"og:title\" content=\"RB7 (Ajustable) - RUBY\" \/>\n<meta property=\"og:description\" content=\"Bracelet en cuir tress\u00e9 \u00e0 fermoir magn\u00e9tique pour hommes, bijou Vintage et Durable, haute qualit\u00e9 Cuir microfibre Et inoxydable Acier\" \/>\n<meta property=\"og:url\" content=\"https:\/\/ruby.sn\/index.php\/produit\/rb7\/\" \/>\n<meta property=\"og:site_name\" content=\"RUBY\" \/>\n<meta property=\"article:modified_time\" content=\"2026-03-28T16:04:48+00:00\" \/>\n<meta property=\"og:image\" content=\"https:\/\/ruby.sn\/wp-content\/uploads\/2026\/03\/F47974F9-7855-40BA-A4F8-B3535613EEFB-scaled.jpeg\" \/>\n\t<meta property=\"og:image:width\" content=\"2560\" \/>\n\t<meta property=\"og:image:height\" content=\"2560\" \/>\n\t<meta property=\"og:image:type\" content=\"image\/jpeg\" \/>\n<meta name=\"twitter:card\" content=\"summary_large_image\" \/>\n<meta name=\"twitter:label1\" content=\"Dur\u00e9e de lecture estim\u00e9e\" \/>\n\t<meta name=\"twitter:data1\" content=\"1 minute\" \/>\n<script type=\"application\/ld+json\" class=\"yoast-schema-graph\">{\"@context\":\"https:\/\/schema.org\",\"@graph\":[{\"@type\":\"WebPage\",\"@id\":\"https:\/\/ruby.sn\/index.php\/produit\/rb7\/\",\"url\":\"https:\/\/ruby.sn\/index.php\/produit\/rb7\/\",\"name\":\"RB7 (Ajustable) - RUBY\",\"isPartOf\":{\"@id\":\"https:\/\/ruby.sn\/#website\"},\"primaryImageOfPage\":{\"@id\":\"https:\/\/ruby.sn\/index.php\/produit\/rb7\/#primaryimage\"},\"image\":{\"@id\":\"https:\/\/ruby.sn\/index.php\/produit\/rb7\/#primaryimage\"},\"thumbnailUrl\":\"https:\/\/ruby.sn\/wp-content\/uploads\/2026\/03\/F47974F9-7855-40BA-A4F8-B3535613EEFB-scaled.jpeg\",\"datePublished\":\"2026-03-28T16:00:19+00:00\",\"dateModified\":\"2026-03-28T16:04:48+00:00\",\"breadcrumb\":{\"@id\":\"https:\/\/ruby.sn\/index.php\/produit\/rb7\/#breadcrumb\"},\"inLanguage\":\"fr-FR\",\"potentialAction\":[{\"@type\":\"ReadAction\",\"target\":[\"https:\/\/ruby.sn\/index.php\/produit\/rb7\/\"]}]},{\"@type\":\"ImageObject\",\"inLanguage\":\"fr-FR\",\"@id\":\"https:\/\/ruby.sn\/index.php\/produit\/rb7\/#primaryimage\",\"url\":\"https:\/\/ruby.sn\/wp-content\/uploads\/2026\/03\/F47974F9-7855-40BA-A4F8-B3535613EEFB-scaled.jpeg\",\"contentUrl\":\"https:\/\/ruby.sn\/wp-content\/uploads\/2026\/03\/F47974F9-7855-40BA-A4F8-B3535613EEFB-scaled.jpeg\",\"width\":2560,\"height\":2560},{\"@type\":\"BreadcrumbList\",\"@id\":\"https:\/\/ruby.sn\/index.php\/produit\/rb7\/#breadcrumb\",\"itemListElement\":[{\"@type\":\"ListItem\",\"position\":1,\"name\":\"Accueil\",\"item\":\"https:\/\/ruby.sn\/\"},{\"@type\":\"ListItem\",\"position\":2,\"name\":\"Boutique\",\"item\":\"https:\/\/ruby.sn\/index.php\/boutique\/\"},{\"@type\":\"ListItem\",\"position\":3,\"name\":\"RB7 (Ajustable)\"}]},{\"@type\":\"WebSite\",\"@id\":\"https:\/\/ruby.sn\/#website\",\"url\":\"https:\/\/ruby.sn\/\",\"name\":\"RUBY\",\"description\":\"l&#039;Horlogerie S\u00e9n\u00e9galaise\",\"publisher\":{\"@id\":\"https:\/\/ruby.sn\/#organization\"},\"potentialAction\":[{\"@type\":\"SearchAction\",\"target\":{\"@type\":\"EntryPoint\",\"urlTemplate\":\"https:\/\/ruby.sn\/?s={search_term_string}\"},\"query-input\":{\"@type\":\"PropertyValueSpecification\",\"valueRequired\":true,\"valueName\":\"search_term_string\"}}],\"inLanguage\":\"fr-FR\"},{\"@type\":\"Organization\",\"@id\":\"https:\/\/ruby.sn\/#organization\",\"name\":\"RUBY\",\"url\":\"https:\/\/ruby.sn\/\",\"logo\":{\"@type\":\"ImageObject\",\"inLanguage\":\"fr-FR\",\"@id\":\"https:\/\/ruby.sn\/#\/schema\/logo\/image\/\",\"url\":\"https:\/\/ruby.sn\/wp-content\/uploads\/2024\/11\/WhatsApp-Image-2024-11-17-a-22.44.34_3ca63fb9.jpg\",\"contentUrl\":\"https:\/\/ruby.sn\/wp-content\/uploads\/2024\/11\/WhatsApp-Image-2024-11-17-a-22.44.34_3ca63fb9.jpg\",\"width\":2560,\"height\":2560,\"caption\":\"RUBY\"},\"image\":{\"@id\":\"https:\/\/ruby.sn\/#\/schema\/logo\/image\/\"},\"sameAs\":[\"https:\/\/www.instagram.com\/rubywatches\/\"]}]}<\/script>\n<!-- \/ Yoast SEO plugin. -->","yoast_head_json":{"title":"RB7 (Ajustable) - RUBY","robots":{"index":"index","follow":"follow","max-snippet":"max-snippet:-1","max-image-preview":"max-image-preview:large","max-video-preview":"max-video-preview:-1"},"canonical":"https:\/\/ruby.sn\/index.php\/produit\/rb7\/","og_locale":"fr_FR","og_type":"article","og_title":"RB7 (Ajustable) - RUBY","og_description":"Bracelet en cuir tress\u00e9 \u00e0 fermoir magn\u00e9tique pour hommes, bijou Vintage et Durable, haute qualit\u00e9 Cuir microfibre Et inoxydable Acier","og_url":"https:\/\/ruby.sn\/index.php\/produit\/rb7\/","og_site_name":"RUBY","article_modified_time":"2026-03-28T16:04:48+00:00","og_image":[{"width":2560,"height":2560,"url":"https:\/\/ruby.sn\/wp-content\/uploads\/2026\/03\/F47974F9-7855-40BA-A4F8-B3535613EEFB-scaled.jpeg","type":"image\/jpeg"}],"twitter_card":"summary_large_image","twitter_misc":{"Dur\u00e9e de lecture estim\u00e9e":"1 minute"},"schema":{"@context":"https:\/\/schema.org","@graph":[{"@type":"WebPage","@id":"https:\/\/ruby.sn\/index.php\/produit\/rb7\/","url":"https:\/\/ruby.sn\/index.php\/produit\/rb7\/","name":"RB7 (Ajustable) - RUBY","isPartOf":{"@id":"https:\/\/ruby.sn\/#website"},"primaryImageOfPage":{"@id":"https:\/\/ruby.sn\/index.php\/produit\/rb7\/#primaryimage"},"image":{"@id":"https:\/\/ruby.sn\/index.php\/produit\/rb7\/#primaryimage"},"thumbnailUrl":"https:\/\/ruby.sn\/wp-content\/uploads\/2026\/03\/F47974F9-7855-40BA-A4F8-B3535613EEFB-scaled.jpeg","datePublished":"2026-03-28T16:00:19+00:00","dateModified":"2026-03-28T16:04:48+00:00","breadcrumb":{"@id":"https:\/\/ruby.sn\/index.php\/produit\/rb7\/#breadcrumb"},"inLanguage":"fr-FR","potentialAction":[{"@type":"ReadAction","target":["https:\/\/ruby.sn\/index.php\/produit\/rb7\/"]}]},{"@type":"ImageObject","inLanguage":"fr-FR","@id":"https:\/\/ruby.sn\/index.php\/produit\/rb7\/#primaryimage","url":"https:\/\/ruby.sn\/wp-content\/uploads\/2026\/03\/F47974F9-7855-40BA-A4F8-B3535613EEFB-scaled.jpeg","contentUrl":"https:\/\/ruby.sn\/wp-content\/uploads\/2026\/03\/F47974F9-7855-40BA-A4F8-B3535613EEFB-scaled.jpeg","width":2560,"height":2560},{"@type":"BreadcrumbList","@id":"https:\/\/ruby.sn\/index.php\/produit\/rb7\/#breadcrumb","itemListElement":[{"@type":"ListItem","position":1,"name":"Accueil","item":"https:\/\/ruby.sn\/"},{"@type":"ListItem","position":2,"name":"Boutique","item":"https:\/\/ruby.sn\/index.php\/boutique\/"},{"@type":"ListItem","position":3,"name":"RB7 (Ajustable)"}]},{"@type":"WebSite","@id":"https:\/\/ruby.sn\/#website","url":"https:\/\/ruby.sn\/","name":"RUBY","description":"l&#039;Horlogerie S\u00e9n\u00e9galaise","publisher":{"@id":"https:\/\/ruby.sn\/#organization"},"potentialAction":[{"@type":"SearchAction","target":{"@type":"EntryPoint","urlTemplate":"https:\/\/ruby.sn\/?s={search_term_string}"},"query-input":{"@type":"PropertyValueSpecification","valueRequired":true,"valueName":"search_term_string"}}],"inLanguage":"fr-FR"},{"@type":"Organization","@id":"https:\/\/ruby.sn\/#organization","name":"RUBY","url":"https:\/\/ruby.sn\/","logo":{"@type":"ImageObject","inLanguage":"fr-FR","@id":"https:\/\/ruby.sn\/#\/schema\/logo\/image\/","url":"https:\/\/ruby.sn\/wp-content\/uploads\/2024\/11\/WhatsApp-Image-2024-11-17-a-22.44.34_3ca63fb9.jpg","contentUrl":"https:\/\/ruby.sn\/wp-content\/uploads\/2024\/11\/WhatsApp-Image-2024-11-17-a-22.44.34_3ca63fb9.jpg","width":2560,"height":2560,"caption":"RUBY"},"image":{"@id":"https:\/\/ruby.sn\/#\/schema\/logo\/image\/"},"sameAs":["https:\/\/www.instagram.com\/rubywatches\/"]}]}},"jetpack_sharing_enabled":true,"_links":{"self":[{"href":"https:\/\/ruby.sn\/index.php\/wp-json\/wp\/v2\/product\/13586","targetHints":{"allow":["GET"]}}],"collection":[{"href":"https:\/\/ruby.sn\/index.php\/wp-json\/wp\/v2\/product"}],"about":[{"href":"https:\/\/ruby.sn\/index.php\/wp-json\/wp\/v2\/types\/product"}],"replies":[{"embeddable":true,"href":"https:\/\/ruby.sn\/index.php\/wp-json\/wp\/v2\/comments?post=13586"}],"version-history":[{"count":3,"href":"https:\/\/ruby.sn\/index.php\/wp-json\/wp\/v2\/product\/13586\/revisions"}],"predecessor-version":[{"id":13591,"href":"https:\/\/ruby.sn\/index.php\/wp-json\/wp\/v2\/product\/13586\/revisions\/13591"}],"wp:featuredmedia":[{"embeddable":true,"href":"https:\/\/ruby.sn\/index.php\/wp-json\/wp\/v2\/media\/13587"}],"wp:attachment":[{"href":"https:\/\/ruby.sn\/index.php\/wp-json\/wp\/v2\/media?parent=13586"}],"wp:term":[{"taxonomy":"product_cat","embeddable":true,"href":"https:\/\/ruby.sn\/index.php\/wp-json\/wp\/v2\/product_cat?post=13586"},{"taxonomy":"product_tag","embeddable":true,"href":"https:\/\/ruby.sn\/index.php\/wp-json\/wp\/v2\/product_tag?post=13586"}],"curies":[{"name":"wp","href":"https:\/\/api.w.org\/{rel}","templated":true}]}}