{"id":13669,"date":"2026-04-04T00:18:09","date_gmt":"2026-04-04T00:18:09","guid":{"rendered":"https:\/\/ruby.sn\/?post_type=product&#038;p=13669"},"modified":"2026-04-05T12:59:37","modified_gmt":"2026-04-05T12:59:37","slug":"mariama-ba-diametre-32mm","status":"publish","type":"product","link":"https:\/\/ruby.sn\/index.php\/produit\/mariama-ba-diametre-32mm\/","title":{"rendered":"MARIAMA BA (Diam\u00e8tre 32mm)"},"content":{"rendered":"<p class=\"p1\"><span class=\"s1\">Mariama B\u00e2 est une \u00e9crivaine s\u00e9n\u00e9galaise, c\u00e9l\u00e8bre pour son roman \u00ab\u00a0Une si longue lettre\u00a0\u00bb. Elle aborde les th\u00e8mes de la condition f\u00e9minine et des traditions en Afrique.<\/span><\/p>\n<table class=\"t1\" cellspacing=\"0\" cellpadding=\"0\">\n<tbody>\n<tr>\n<td class=\"td1\" valign=\"top\">\n<p class=\"p3\"><span class=\"s2\">Mat\u00e9riau du bo\u00eetier<\/span><\/p>\n<\/td>\n<td class=\"td1\" valign=\"top\">\n<p class=\"p3\"><span class=\"s2\">acier inoxydable 316L<\/span><\/p>\n<\/td>\n<\/tr>\n<tr>\n<td class=\"td1\" valign=\"top\">\n<p class=\"p3\"><span class=\"s2\">Diam\u00e8tre du bo\u00eetier<\/span><\/p>\n<\/td>\n<td class=\"td1\" valign=\"top\">\n<p class=\"p3\"><span class=\"s2\">32 mm<\/span><\/p>\n<\/td>\n<\/tr>\n<tr>\n<td class=\"td1\" valign=\"top\">\n<p class=\"p3\"><span class=\"s2\">\u00c9paisseur<\/span><\/p>\n<\/td>\n<td class=\"td1\" valign=\"top\">\n<p class=\"p3\"><span class=\"s2\">8,5 mm<\/span><\/p>\n<\/td>\n<\/tr>\n<tr>\n<td class=\"td1\" valign=\"top\">\n<p class=\"p3\"><span class=\"s2\">\u00c9tanch\u00e9it\u00e9<\/span><\/p>\n<\/td>\n<td class=\"td1\" valign=\"top\">\n<p class=\"p3\"><span class=\"s2\">3ATM<\/span><\/p>\n<\/td>\n<\/tr>\n<tr>\n<td class=\"td1\" valign=\"top\">\n<p class=\"p3\"><span class=\"s2\">Verre<\/span><\/p>\n<\/td>\n<td class=\"td1\" valign=\"top\">\n<p class=\"p3\"><span class=\"s2\">Verre min\u00e9ral<\/span><\/p>\n<\/td>\n<\/tr>\n<tr>\n<td class=\"td1\" valign=\"top\">\n<p class=\"p3\"><span class=\"s2\">Mouvement<\/span><\/p>\n<\/td>\n<td class=\"td1\" valign=\"top\">\n<p class=\"p3\"><span class=\"s2\">Japon Seiko VJ32 date Movt<\/span><\/p>\n<\/td>\n<\/tr>\n<tr>\n<td class=\"td1\" valign=\"top\">\n<p class=\"p3\"><span class=\"s2\">Bracelet<\/span><\/p>\n<\/td>\n<td class=\"td1\" valign=\"top\">\n<p class=\"p3\"><span class=\"s2\">Bracelet acier dor\u00e9<\/span><\/p>\n<\/td>\n<\/tr>\n<\/tbody>\n<\/table>\n","protected":false},"excerpt":{"rendered":"<p>Mariama B\u00e2 est une \u00e9crivaine s\u00e9n\u00e9galaise, c\u00e9l\u00e8bre pour son roman \u00ab\u00a0Une si longue lettre\u00a0\u00bb. Elle aborde les th\u00e8mes de la<\/p>\n","protected":false},"featured_media":13670,"comment_status":"open","ping_status":"closed","template":"","meta":{"om_disable_all_campaigns":false,"_uf_show_specific_survey":0,"_uf_disable_surveys":false},"product_cat":[86,36,37,84],"product_tag":[],"class_list":{"0":"post-13669","1":"product","2":"type-product","3":"status-publish","4":"has-post-thumbnail","6":"product_cat-mama-africa","7":"product_cat-montrs_femmes","8":"product_cat-new","9":"product_cat-boutique","11":"first","12":"instock","13":"shipping-taxable","14":"purchasable","15":"product-type-simple"},"aioseo_notices":[],"yoast_head":"<!-- This site is optimized with the Yoast SEO plugin v23.9 - https:\/\/yoast.com\/wordpress\/plugins\/seo\/ -->\n<title>MARIAMA BA (Diam\u00e8tre 32mm) - RUBY<\/title>\n<meta name=\"robots\" content=\"index, follow, max-snippet:-1, max-image-preview:large, max-video-preview:-1\" \/>\n<link rel=\"canonical\" href=\"https:\/\/ruby.sn\/index.php\/produit\/mariama-ba-diametre-32mm\/\" \/>\n<meta property=\"og:locale\" content=\"fr_FR\" \/>\n<meta property=\"og:type\" content=\"article\" \/>\n<meta property=\"og:title\" content=\"MARIAMA BA (Diam\u00e8tre 32mm) - RUBY\" \/>\n<meta property=\"og:description\" content=\"Mariama B\u00e2 est une \u00e9crivaine s\u00e9n\u00e9galaise, c\u00e9l\u00e8bre pour son roman \u00ab\u00a0Une si longue lettre\u00a0\u00bb. Elle aborde les th\u00e8mes de la\" \/>\n<meta property=\"og:url\" content=\"https:\/\/ruby.sn\/index.php\/produit\/mariama-ba-diametre-32mm\/\" \/>\n<meta property=\"og:site_name\" content=\"RUBY\" \/>\n<meta property=\"article:modified_time\" content=\"2026-04-05T12:59:37+00:00\" \/>\n<meta property=\"og:image\" content=\"https:\/\/ruby.sn\/wp-content\/uploads\/2026\/04\/B5F82E7B-FB1A-4687-A3E7-2156D3AC2A82-scaled.jpeg\" \/>\n\t<meta property=\"og:image:width\" content=\"2560\" \/>\n\t<meta property=\"og:image:height\" content=\"2560\" \/>\n\t<meta property=\"og:image:type\" content=\"image\/jpeg\" \/>\n<meta name=\"twitter:card\" content=\"summary_large_image\" \/>\n<meta name=\"twitter:label1\" content=\"Dur\u00e9e de lecture estim\u00e9e\" \/>\n\t<meta name=\"twitter:data1\" content=\"1 minute\" \/>\n<script type=\"application\/ld+json\" class=\"yoast-schema-graph\">{\"@context\":\"https:\/\/schema.org\",\"@graph\":[{\"@type\":\"WebPage\",\"@id\":\"https:\/\/ruby.sn\/index.php\/produit\/mariama-ba-diametre-32mm\/\",\"url\":\"https:\/\/ruby.sn\/index.php\/produit\/mariama-ba-diametre-32mm\/\",\"name\":\"MARIAMA BA (Diam\u00e8tre 32mm) - RUBY\",\"isPartOf\":{\"@id\":\"https:\/\/ruby.sn\/#website\"},\"primaryImageOfPage\":{\"@id\":\"https:\/\/ruby.sn\/index.php\/produit\/mariama-ba-diametre-32mm\/#primaryimage\"},\"image\":{\"@id\":\"https:\/\/ruby.sn\/index.php\/produit\/mariama-ba-diametre-32mm\/#primaryimage\"},\"thumbnailUrl\":\"https:\/\/ruby.sn\/wp-content\/uploads\/2026\/04\/B5F82E7B-FB1A-4687-A3E7-2156D3AC2A82-scaled.jpeg\",\"datePublished\":\"2026-04-04T00:18:09+00:00\",\"dateModified\":\"2026-04-05T12:59:37+00:00\",\"breadcrumb\":{\"@id\":\"https:\/\/ruby.sn\/index.php\/produit\/mariama-ba-diametre-32mm\/#breadcrumb\"},\"inLanguage\":\"fr-FR\",\"potentialAction\":[{\"@type\":\"ReadAction\",\"target\":[\"https:\/\/ruby.sn\/index.php\/produit\/mariama-ba-diametre-32mm\/\"]}]},{\"@type\":\"ImageObject\",\"inLanguage\":\"fr-FR\",\"@id\":\"https:\/\/ruby.sn\/index.php\/produit\/mariama-ba-diametre-32mm\/#primaryimage\",\"url\":\"https:\/\/ruby.sn\/wp-content\/uploads\/2026\/04\/B5F82E7B-FB1A-4687-A3E7-2156D3AC2A82-scaled.jpeg\",\"contentUrl\":\"https:\/\/ruby.sn\/wp-content\/uploads\/2026\/04\/B5F82E7B-FB1A-4687-A3E7-2156D3AC2A82-scaled.jpeg\",\"width\":2560,\"height\":2560},{\"@type\":\"BreadcrumbList\",\"@id\":\"https:\/\/ruby.sn\/index.php\/produit\/mariama-ba-diametre-32mm\/#breadcrumb\",\"itemListElement\":[{\"@type\":\"ListItem\",\"position\":1,\"name\":\"Accueil\",\"item\":\"https:\/\/ruby.sn\/\"},{\"@type\":\"ListItem\",\"position\":2,\"name\":\"Boutique\",\"item\":\"https:\/\/ruby.sn\/index.php\/boutique\/\"},{\"@type\":\"ListItem\",\"position\":3,\"name\":\"MARIAMA BA (Diam\u00e8tre 32mm)\"}]},{\"@type\":\"WebSite\",\"@id\":\"https:\/\/ruby.sn\/#website\",\"url\":\"https:\/\/ruby.sn\/\",\"name\":\"RUBY\",\"description\":\"l&#039;Horlogerie S\u00e9n\u00e9galaise\",\"publisher\":{\"@id\":\"https:\/\/ruby.sn\/#organization\"},\"potentialAction\":[{\"@type\":\"SearchAction\",\"target\":{\"@type\":\"EntryPoint\",\"urlTemplate\":\"https:\/\/ruby.sn\/?s={search_term_string}\"},\"query-input\":{\"@type\":\"PropertyValueSpecification\",\"valueRequired\":true,\"valueName\":\"search_term_string\"}}],\"inLanguage\":\"fr-FR\"},{\"@type\":\"Organization\",\"@id\":\"https:\/\/ruby.sn\/#organization\",\"name\":\"RUBY\",\"url\":\"https:\/\/ruby.sn\/\",\"logo\":{\"@type\":\"ImageObject\",\"inLanguage\":\"fr-FR\",\"@id\":\"https:\/\/ruby.sn\/#\/schema\/logo\/image\/\",\"url\":\"https:\/\/ruby.sn\/wp-content\/uploads\/2024\/11\/WhatsApp-Image-2024-11-17-a-22.44.34_3ca63fb9.jpg\",\"contentUrl\":\"https:\/\/ruby.sn\/wp-content\/uploads\/2024\/11\/WhatsApp-Image-2024-11-17-a-22.44.34_3ca63fb9.jpg\",\"width\":2560,\"height\":2560,\"caption\":\"RUBY\"},\"image\":{\"@id\":\"https:\/\/ruby.sn\/#\/schema\/logo\/image\/\"},\"sameAs\":[\"https:\/\/www.instagram.com\/rubywatches\/\"]}]}<\/script>\n<!-- \/ Yoast SEO plugin. -->","yoast_head_json":{"title":"MARIAMA BA (Diam\u00e8tre 32mm) - RUBY","robots":{"index":"index","follow":"follow","max-snippet":"max-snippet:-1","max-image-preview":"max-image-preview:large","max-video-preview":"max-video-preview:-1"},"canonical":"https:\/\/ruby.sn\/index.php\/produit\/mariama-ba-diametre-32mm\/","og_locale":"fr_FR","og_type":"article","og_title":"MARIAMA BA (Diam\u00e8tre 32mm) - RUBY","og_description":"Mariama B\u00e2 est une \u00e9crivaine s\u00e9n\u00e9galaise, c\u00e9l\u00e8bre pour son roman \u00ab\u00a0Une si longue lettre\u00a0\u00bb. Elle aborde les th\u00e8mes de la","og_url":"https:\/\/ruby.sn\/index.php\/produit\/mariama-ba-diametre-32mm\/","og_site_name":"RUBY","article_modified_time":"2026-04-05T12:59:37+00:00","og_image":[{"width":2560,"height":2560,"url":"https:\/\/ruby.sn\/wp-content\/uploads\/2026\/04\/B5F82E7B-FB1A-4687-A3E7-2156D3AC2A82-scaled.jpeg","type":"image\/jpeg"}],"twitter_card":"summary_large_image","twitter_misc":{"Dur\u00e9e de lecture estim\u00e9e":"1 minute"},"schema":{"@context":"https:\/\/schema.org","@graph":[{"@type":"WebPage","@id":"https:\/\/ruby.sn\/index.php\/produit\/mariama-ba-diametre-32mm\/","url":"https:\/\/ruby.sn\/index.php\/produit\/mariama-ba-diametre-32mm\/","name":"MARIAMA BA (Diam\u00e8tre 32mm) - RUBY","isPartOf":{"@id":"https:\/\/ruby.sn\/#website"},"primaryImageOfPage":{"@id":"https:\/\/ruby.sn\/index.php\/produit\/mariama-ba-diametre-32mm\/#primaryimage"},"image":{"@id":"https:\/\/ruby.sn\/index.php\/produit\/mariama-ba-diametre-32mm\/#primaryimage"},"thumbnailUrl":"https:\/\/ruby.sn\/wp-content\/uploads\/2026\/04\/B5F82E7B-FB1A-4687-A3E7-2156D3AC2A82-scaled.jpeg","datePublished":"2026-04-04T00:18:09+00:00","dateModified":"2026-04-05T12:59:37+00:00","breadcrumb":{"@id":"https:\/\/ruby.sn\/index.php\/produit\/mariama-ba-diametre-32mm\/#breadcrumb"},"inLanguage":"fr-FR","potentialAction":[{"@type":"ReadAction","target":["https:\/\/ruby.sn\/index.php\/produit\/mariama-ba-diametre-32mm\/"]}]},{"@type":"ImageObject","inLanguage":"fr-FR","@id":"https:\/\/ruby.sn\/index.php\/produit\/mariama-ba-diametre-32mm\/#primaryimage","url":"https:\/\/ruby.sn\/wp-content\/uploads\/2026\/04\/B5F82E7B-FB1A-4687-A3E7-2156D3AC2A82-scaled.jpeg","contentUrl":"https:\/\/ruby.sn\/wp-content\/uploads\/2026\/04\/B5F82E7B-FB1A-4687-A3E7-2156D3AC2A82-scaled.jpeg","width":2560,"height":2560},{"@type":"BreadcrumbList","@id":"https:\/\/ruby.sn\/index.php\/produit\/mariama-ba-diametre-32mm\/#breadcrumb","itemListElement":[{"@type":"ListItem","position":1,"name":"Accueil","item":"https:\/\/ruby.sn\/"},{"@type":"ListItem","position":2,"name":"Boutique","item":"https:\/\/ruby.sn\/index.php\/boutique\/"},{"@type":"ListItem","position":3,"name":"MARIAMA BA (Diam\u00e8tre 32mm)"}]},{"@type":"WebSite","@id":"https:\/\/ruby.sn\/#website","url":"https:\/\/ruby.sn\/","name":"RUBY","description":"l&#039;Horlogerie S\u00e9n\u00e9galaise","publisher":{"@id":"https:\/\/ruby.sn\/#organization"},"potentialAction":[{"@type":"SearchAction","target":{"@type":"EntryPoint","urlTemplate":"https:\/\/ruby.sn\/?s={search_term_string}"},"query-input":{"@type":"PropertyValueSpecification","valueRequired":true,"valueName":"search_term_string"}}],"inLanguage":"fr-FR"},{"@type":"Organization","@id":"https:\/\/ruby.sn\/#organization","name":"RUBY","url":"https:\/\/ruby.sn\/","logo":{"@type":"ImageObject","inLanguage":"fr-FR","@id":"https:\/\/ruby.sn\/#\/schema\/logo\/image\/","url":"https:\/\/ruby.sn\/wp-content\/uploads\/2024\/11\/WhatsApp-Image-2024-11-17-a-22.44.34_3ca63fb9.jpg","contentUrl":"https:\/\/ruby.sn\/wp-content\/uploads\/2024\/11\/WhatsApp-Image-2024-11-17-a-22.44.34_3ca63fb9.jpg","width":2560,"height":2560,"caption":"RUBY"},"image":{"@id":"https:\/\/ruby.sn\/#\/schema\/logo\/image\/"},"sameAs":["https:\/\/www.instagram.com\/rubywatches\/"]}]}},"jetpack_sharing_enabled":true,"_links":{"self":[{"href":"https:\/\/ruby.sn\/index.php\/wp-json\/wp\/v2\/product\/13669","targetHints":{"allow":["GET"]}}],"collection":[{"href":"https:\/\/ruby.sn\/index.php\/wp-json\/wp\/v2\/product"}],"about":[{"href":"https:\/\/ruby.sn\/index.php\/wp-json\/wp\/v2\/types\/product"}],"replies":[{"embeddable":true,"href":"https:\/\/ruby.sn\/index.php\/wp-json\/wp\/v2\/comments?post=13669"}],"version-history":[{"count":1,"href":"https:\/\/ruby.sn\/index.php\/wp-json\/wp\/v2\/product\/13669\/revisions"}],"predecessor-version":[{"id":13672,"href":"https:\/\/ruby.sn\/index.php\/wp-json\/wp\/v2\/product\/13669\/revisions\/13672"}],"wp:featuredmedia":[{"embeddable":true,"href":"https:\/\/ruby.sn\/index.php\/wp-json\/wp\/v2\/media\/13670"}],"wp:attachment":[{"href":"https:\/\/ruby.sn\/index.php\/wp-json\/wp\/v2\/media?parent=13669"}],"wp:term":[{"taxonomy":"product_cat","embeddable":true,"href":"https:\/\/ruby.sn\/index.php\/wp-json\/wp\/v2\/product_cat?post=13669"},{"taxonomy":"product_tag","embeddable":true,"href":"https:\/\/ruby.sn\/index.php\/wp-json\/wp\/v2\/product_tag?post=13669"}],"curies":[{"name":"wp","href":"https:\/\/api.w.org\/{rel}","templated":true}]}}