{"id":13682,"date":"2026-04-04T01:07:58","date_gmt":"2026-04-04T01:07:58","guid":{"rendered":"https:\/\/ruby.sn\/?post_type=product&#038;p=13682"},"modified":"2026-04-04T01:15:33","modified_gmt":"2026-04-04T01:15:33","slug":"kaduna-diametre-41mm","status":"publish","type":"product","link":"https:\/\/ruby.sn\/index.php\/produit\/kaduna-diametre-41mm\/","title":{"rendered":"KADUNA (Diam\u00e8tre 41mm)"},"content":{"rendered":"","protected":false},"excerpt":{"rendered":"<p class=\"p2\"><span class=\"s2\">KADUNA est un affluent du fleuve Djoliba <\/span><\/p>\n<table class=\"t1\" cellspacing=\"0\" cellpadding=\"0\">\n<tbody>\n<tr>\n<td class=\"td1\" valign=\"top\">\n<p class=\"p4\"><span class=\"s3\">Mat\u00e9riau du bo\u00eetier<\/span><\/p>\n<\/td>\n<td class=\"td1\" valign=\"top\">\n<p class=\"p4\"><span class=\"s3\">Acier inoxydable 316<\/span><\/p>\n<\/td>\n<\/tr>\n<tr>\n<td class=\"td1\" valign=\"top\">\n<p class=\"p4\"><span class=\"s3\">Diam\u00e8tre du bo\u00eetier<\/span><\/p>\n<\/td>\n<td class=\"td1\" valign=\"top\">\n<p class=\"p4\"><span class=\"s3\">41mm<\/span><\/p>\n<\/td>\n<\/tr>\n<tr>\n<td class=\"td1\" valign=\"top\">\n<p class=\"p4\"><span class=\"s3\">\u00c9paisseur<\/span><\/p>\n<\/td>\n<td class=\"td1\" valign=\"top\">\n<p class=\"p4\"><span class=\"s3\">13mm<\/span><\/p>\n<\/td>\n<\/tr>\n<tr>\n<td class=\"td1\" valign=\"top\">\n<p class=\"p4\"><span class=\"s3\">\u00c9tanch\u00e9it\u00e9<\/span><\/p>\n<\/td>\n<td class=\"td1\" valign=\"top\">\n<p class=\"p4\"><span class=\"s3\">3ATM<\/span><\/p>\n<\/td>\n<\/tr>\n<tr>\n<td class=\"td1\" valign=\"top\">\n<p class=\"p4\"><span class=\"s3\">Verre<\/span><\/p>\n<\/td>\n<td class=\"td1\" valign=\"top\">\n<p class=\"p4\"><span class=\"s3\">Verre min\u00e9ral<\/span><\/p>\n<\/td>\n<\/tr>\n<tr>\n<td class=\"td1\" valign=\"top\">\n<p class=\"p4\"><span class=\"s3\">Mouvement<\/span><\/p>\n<\/td>\n<td class=\"td1\" valign=\"top\">\n<p class=\"p4\"><span class=\"s3\">Japon Seiko VJ36 Date Movt<\/span><\/p>\n<\/td>\n<\/tr>\n<tr>\n<td class=\"td1\" valign=\"top\">\n<p class=\"p4\"><span class=\"s3\">Bracelet<\/span><\/p>\n<\/td>\n<td class=\"td1\" valign=\"top\">\n<p class=\"p4\"><span class=\"s3\">Bracelet en silicone <\/span><\/p>\n<\/td>\n<\/tr>\n<\/tbody>\n<\/table>\n","protected":false},"featured_media":13683,"comment_status":"open","ping_status":"closed","template":"","meta":{"om_disable_all_campaigns":false,"_uf_show_specific_survey":0,"_uf_disable_surveys":false},"product_cat":[96,83,37,84],"product_tag":[],"class_list":{"0":"post-13682","1":"product","2":"type-product","3":"status-publish","4":"has-post-thumbnail","6":"product_cat-djoliba","7":"product_cat-montre_hommes","8":"product_cat-new","9":"product_cat-boutique","11":"first","12":"instock","13":"shipping-taxable","14":"purchasable","15":"product-type-simple"},"aioseo_notices":[],"yoast_head":"<!-- This site is optimized with the Yoast SEO plugin v23.9 - https:\/\/yoast.com\/wordpress\/plugins\/seo\/ -->\n<title>KADUNA (Diam\u00e8tre 41mm) - RUBY<\/title>\n<meta name=\"robots\" content=\"index, follow, max-snippet:-1, max-image-preview:large, max-video-preview:-1\" \/>\n<link rel=\"canonical\" href=\"https:\/\/ruby.sn\/index.php\/produit\/kaduna-diametre-41mm\/\" \/>\n<meta property=\"og:locale\" content=\"fr_FR\" \/>\n<meta property=\"og:type\" content=\"article\" \/>\n<meta property=\"og:title\" content=\"KADUNA (Diam\u00e8tre 41mm) - RUBY\" \/>\n<meta property=\"og:description\" content=\"KADUNA est un affluent du fleuve Djoliba       Mat\u00e9riau du bo\u00eetier   Acier inoxydable 316     Diam\u00e8tre du bo\u00eetier   41mm     \u00c9paisseur   13mm     \u00c9tanch\u00e9it\u00e9   3ATM     Verre   Verre min\u00e9ral     Mouvement   Japon Seiko VJ36 Date Movt     Bracelet   Bracelet en silicone\" \/>\n<meta property=\"og:url\" content=\"https:\/\/ruby.sn\/index.php\/produit\/kaduna-diametre-41mm\/\" \/>\n<meta property=\"og:site_name\" content=\"RUBY\" \/>\n<meta property=\"article:modified_time\" content=\"2026-04-04T01:15:33+00:00\" \/>\n<meta property=\"og:image\" content=\"https:\/\/ruby.sn\/wp-content\/uploads\/2026\/04\/2FCF6254-97EB-427B-B0EE-6353A59EAEE4-scaled.jpeg\" \/>\n\t<meta property=\"og:image:width\" content=\"2560\" \/>\n\t<meta property=\"og:image:height\" content=\"2560\" \/>\n\t<meta property=\"og:image:type\" content=\"image\/jpeg\" \/>\n<meta name=\"twitter:card\" content=\"summary_large_image\" \/>\n<meta name=\"twitter:label1\" content=\"Dur\u00e9e de lecture estim\u00e9e\" \/>\n\t<meta name=\"twitter:data1\" content=\"1 minute\" \/>\n<script type=\"application\/ld+json\" class=\"yoast-schema-graph\">{\"@context\":\"https:\/\/schema.org\",\"@graph\":[{\"@type\":\"WebPage\",\"@id\":\"https:\/\/ruby.sn\/index.php\/produit\/kaduna-diametre-41mm\/\",\"url\":\"https:\/\/ruby.sn\/index.php\/produit\/kaduna-diametre-41mm\/\",\"name\":\"KADUNA (Diam\u00e8tre 41mm) - RUBY\",\"isPartOf\":{\"@id\":\"https:\/\/ruby.sn\/#website\"},\"primaryImageOfPage\":{\"@id\":\"https:\/\/ruby.sn\/index.php\/produit\/kaduna-diametre-41mm\/#primaryimage\"},\"image\":{\"@id\":\"https:\/\/ruby.sn\/index.php\/produit\/kaduna-diametre-41mm\/#primaryimage\"},\"thumbnailUrl\":\"https:\/\/ruby.sn\/wp-content\/uploads\/2026\/04\/2FCF6254-97EB-427B-B0EE-6353A59EAEE4-scaled.jpeg\",\"datePublished\":\"2026-04-04T01:07:58+00:00\",\"dateModified\":\"2026-04-04T01:15:33+00:00\",\"breadcrumb\":{\"@id\":\"https:\/\/ruby.sn\/index.php\/produit\/kaduna-diametre-41mm\/#breadcrumb\"},\"inLanguage\":\"fr-FR\",\"potentialAction\":[{\"@type\":\"ReadAction\",\"target\":[\"https:\/\/ruby.sn\/index.php\/produit\/kaduna-diametre-41mm\/\"]}]},{\"@type\":\"ImageObject\",\"inLanguage\":\"fr-FR\",\"@id\":\"https:\/\/ruby.sn\/index.php\/produit\/kaduna-diametre-41mm\/#primaryimage\",\"url\":\"https:\/\/ruby.sn\/wp-content\/uploads\/2026\/04\/2FCF6254-97EB-427B-B0EE-6353A59EAEE4-scaled.jpeg\",\"contentUrl\":\"https:\/\/ruby.sn\/wp-content\/uploads\/2026\/04\/2FCF6254-97EB-427B-B0EE-6353A59EAEE4-scaled.jpeg\",\"width\":2560,\"height\":2560},{\"@type\":\"BreadcrumbList\",\"@id\":\"https:\/\/ruby.sn\/index.php\/produit\/kaduna-diametre-41mm\/#breadcrumb\",\"itemListElement\":[{\"@type\":\"ListItem\",\"position\":1,\"name\":\"Accueil\",\"item\":\"https:\/\/ruby.sn\/\"},{\"@type\":\"ListItem\",\"position\":2,\"name\":\"Boutique\",\"item\":\"https:\/\/ruby.sn\/index.php\/boutique\/\"},{\"@type\":\"ListItem\",\"position\":3,\"name\":\"KADUNA (Diam\u00e8tre 41mm)\"}]},{\"@type\":\"WebSite\",\"@id\":\"https:\/\/ruby.sn\/#website\",\"url\":\"https:\/\/ruby.sn\/\",\"name\":\"RUBY\",\"description\":\"l&#039;Horlogerie S\u00e9n\u00e9galaise\",\"publisher\":{\"@id\":\"https:\/\/ruby.sn\/#organization\"},\"potentialAction\":[{\"@type\":\"SearchAction\",\"target\":{\"@type\":\"EntryPoint\",\"urlTemplate\":\"https:\/\/ruby.sn\/?s={search_term_string}\"},\"query-input\":{\"@type\":\"PropertyValueSpecification\",\"valueRequired\":true,\"valueName\":\"search_term_string\"}}],\"inLanguage\":\"fr-FR\"},{\"@type\":\"Organization\",\"@id\":\"https:\/\/ruby.sn\/#organization\",\"name\":\"RUBY\",\"url\":\"https:\/\/ruby.sn\/\",\"logo\":{\"@type\":\"ImageObject\",\"inLanguage\":\"fr-FR\",\"@id\":\"https:\/\/ruby.sn\/#\/schema\/logo\/image\/\",\"url\":\"https:\/\/ruby.sn\/wp-content\/uploads\/2024\/11\/WhatsApp-Image-2024-11-17-a-22.44.34_3ca63fb9.jpg\",\"contentUrl\":\"https:\/\/ruby.sn\/wp-content\/uploads\/2024\/11\/WhatsApp-Image-2024-11-17-a-22.44.34_3ca63fb9.jpg\",\"width\":2560,\"height\":2560,\"caption\":\"RUBY\"},\"image\":{\"@id\":\"https:\/\/ruby.sn\/#\/schema\/logo\/image\/\"},\"sameAs\":[\"https:\/\/www.instagram.com\/rubywatches\/\"]}]}<\/script>\n<!-- \/ Yoast SEO plugin. -->","yoast_head_json":{"title":"KADUNA (Diam\u00e8tre 41mm) - RUBY","robots":{"index":"index","follow":"follow","max-snippet":"max-snippet:-1","max-image-preview":"max-image-preview:large","max-video-preview":"max-video-preview:-1"},"canonical":"https:\/\/ruby.sn\/index.php\/produit\/kaduna-diametre-41mm\/","og_locale":"fr_FR","og_type":"article","og_title":"KADUNA (Diam\u00e8tre 41mm) - RUBY","og_description":"KADUNA est un affluent du fleuve Djoliba       Mat\u00e9riau du bo\u00eetier   Acier inoxydable 316     Diam\u00e8tre du bo\u00eetier   41mm     \u00c9paisseur   13mm     \u00c9tanch\u00e9it\u00e9   3ATM     Verre   Verre min\u00e9ral     Mouvement   Japon Seiko VJ36 Date Movt     Bracelet   Bracelet en silicone","og_url":"https:\/\/ruby.sn\/index.php\/produit\/kaduna-diametre-41mm\/","og_site_name":"RUBY","article_modified_time":"2026-04-04T01:15:33+00:00","og_image":[{"width":2560,"height":2560,"url":"https:\/\/ruby.sn\/wp-content\/uploads\/2026\/04\/2FCF6254-97EB-427B-B0EE-6353A59EAEE4-scaled.jpeg","type":"image\/jpeg"}],"twitter_card":"summary_large_image","twitter_misc":{"Dur\u00e9e de lecture estim\u00e9e":"1 minute"},"schema":{"@context":"https:\/\/schema.org","@graph":[{"@type":"WebPage","@id":"https:\/\/ruby.sn\/index.php\/produit\/kaduna-diametre-41mm\/","url":"https:\/\/ruby.sn\/index.php\/produit\/kaduna-diametre-41mm\/","name":"KADUNA (Diam\u00e8tre 41mm) - RUBY","isPartOf":{"@id":"https:\/\/ruby.sn\/#website"},"primaryImageOfPage":{"@id":"https:\/\/ruby.sn\/index.php\/produit\/kaduna-diametre-41mm\/#primaryimage"},"image":{"@id":"https:\/\/ruby.sn\/index.php\/produit\/kaduna-diametre-41mm\/#primaryimage"},"thumbnailUrl":"https:\/\/ruby.sn\/wp-content\/uploads\/2026\/04\/2FCF6254-97EB-427B-B0EE-6353A59EAEE4-scaled.jpeg","datePublished":"2026-04-04T01:07:58+00:00","dateModified":"2026-04-04T01:15:33+00:00","breadcrumb":{"@id":"https:\/\/ruby.sn\/index.php\/produit\/kaduna-diametre-41mm\/#breadcrumb"},"inLanguage":"fr-FR","potentialAction":[{"@type":"ReadAction","target":["https:\/\/ruby.sn\/index.php\/produit\/kaduna-diametre-41mm\/"]}]},{"@type":"ImageObject","inLanguage":"fr-FR","@id":"https:\/\/ruby.sn\/index.php\/produit\/kaduna-diametre-41mm\/#primaryimage","url":"https:\/\/ruby.sn\/wp-content\/uploads\/2026\/04\/2FCF6254-97EB-427B-B0EE-6353A59EAEE4-scaled.jpeg","contentUrl":"https:\/\/ruby.sn\/wp-content\/uploads\/2026\/04\/2FCF6254-97EB-427B-B0EE-6353A59EAEE4-scaled.jpeg","width":2560,"height":2560},{"@type":"BreadcrumbList","@id":"https:\/\/ruby.sn\/index.php\/produit\/kaduna-diametre-41mm\/#breadcrumb","itemListElement":[{"@type":"ListItem","position":1,"name":"Accueil","item":"https:\/\/ruby.sn\/"},{"@type":"ListItem","position":2,"name":"Boutique","item":"https:\/\/ruby.sn\/index.php\/boutique\/"},{"@type":"ListItem","position":3,"name":"KADUNA (Diam\u00e8tre 41mm)"}]},{"@type":"WebSite","@id":"https:\/\/ruby.sn\/#website","url":"https:\/\/ruby.sn\/","name":"RUBY","description":"l&#039;Horlogerie S\u00e9n\u00e9galaise","publisher":{"@id":"https:\/\/ruby.sn\/#organization"},"potentialAction":[{"@type":"SearchAction","target":{"@type":"EntryPoint","urlTemplate":"https:\/\/ruby.sn\/?s={search_term_string}"},"query-input":{"@type":"PropertyValueSpecification","valueRequired":true,"valueName":"search_term_string"}}],"inLanguage":"fr-FR"},{"@type":"Organization","@id":"https:\/\/ruby.sn\/#organization","name":"RUBY","url":"https:\/\/ruby.sn\/","logo":{"@type":"ImageObject","inLanguage":"fr-FR","@id":"https:\/\/ruby.sn\/#\/schema\/logo\/image\/","url":"https:\/\/ruby.sn\/wp-content\/uploads\/2024\/11\/WhatsApp-Image-2024-11-17-a-22.44.34_3ca63fb9.jpg","contentUrl":"https:\/\/ruby.sn\/wp-content\/uploads\/2024\/11\/WhatsApp-Image-2024-11-17-a-22.44.34_3ca63fb9.jpg","width":2560,"height":2560,"caption":"RUBY"},"image":{"@id":"https:\/\/ruby.sn\/#\/schema\/logo\/image\/"},"sameAs":["https:\/\/www.instagram.com\/rubywatches\/"]}]}},"jetpack_sharing_enabled":true,"_links":{"self":[{"href":"https:\/\/ruby.sn\/index.php\/wp-json\/wp\/v2\/product\/13682","targetHints":{"allow":["GET"]}}],"collection":[{"href":"https:\/\/ruby.sn\/index.php\/wp-json\/wp\/v2\/product"}],"about":[{"href":"https:\/\/ruby.sn\/index.php\/wp-json\/wp\/v2\/types\/product"}],"replies":[{"embeddable":true,"href":"https:\/\/ruby.sn\/index.php\/wp-json\/wp\/v2\/comments?post=13682"}],"version-history":[{"count":1,"href":"https:\/\/ruby.sn\/index.php\/wp-json\/wp\/v2\/product\/13682\/revisions"}],"predecessor-version":[{"id":13684,"href":"https:\/\/ruby.sn\/index.php\/wp-json\/wp\/v2\/product\/13682\/revisions\/13684"}],"wp:featuredmedia":[{"embeddable":true,"href":"https:\/\/ruby.sn\/index.php\/wp-json\/wp\/v2\/media\/13683"}],"wp:attachment":[{"href":"https:\/\/ruby.sn\/index.php\/wp-json\/wp\/v2\/media?parent=13682"}],"wp:term":[{"taxonomy":"product_cat","embeddable":true,"href":"https:\/\/ruby.sn\/index.php\/wp-json\/wp\/v2\/product_cat?post=13682"},{"taxonomy":"product_tag","embeddable":true,"href":"https:\/\/ruby.sn\/index.php\/wp-json\/wp\/v2\/product_tag?post=13682"}],"curies":[{"name":"wp","href":"https:\/\/api.w.org\/{rel}","templated":true}]}}